{"id":1704,"date":"2024-02-11T14:18:18","date_gmt":"2024-02-11T14:18:18","guid":{"rendered":"https:\/\/altitud1960.com.co\/?page_id=1704"},"modified":"2024-02-11T14:59:25","modified_gmt":"2024-02-11T14:59:25","slug":"our-coffee-art","status":"publish","type":"page","link":"https:\/\/altitud1960.com.co\/es\/our-coffee-art\/","title":{"rendered":"Caf\u00e9 y Arte"},"content":{"rendered":"<div class=\"wpb-content-wrapper\"><p>[vc_row css=\u00bb.vc_custom_1671225253578{margin-top: -30px !important;}\u00bb][vc_column offset=\u00bbvc_hidden-lg vc_hidden-md\u00bb][vc_custom_heading text=\u00bbOur Coffee\u00bb font_container=\u00bbtag:h2|font_size:36|text_align:center\u00bb google_fonts=\u00bbfont_family:Merriweather%20Sans%3A300%2C300italic%2Cregular%2Citalic%2C700%2C700italic%2C800%2C800italic|font_style:700%20bold%20regular%3A700%3Anormal\u00bb css=\u00bb.vc_custom_1671225183327{margin-top: -50px !important;}\u00bb][\/vc_column][\/vc_row][vc_row full_width=\u00bbstretch_row_content_no_spaces\u00bb css=\u00bb.vc_custom_1707411521326{padding-top: 10% !important;padding-bottom: 10% !important;background-image: url(http:\/\/altitud1960.com.co\/wp-content\/uploads\/2024\/02\/image-266-1.jpg?id=1613) !important;}\u00bb][vc_column width=\u00bb1\/2&#8243;][vc_custom_heading text=\u00bbNuestro Caf\u00e9 <\/br> y Arte\u00bb font_container=\u00bbtag:h2|font_size:72|text_align:center|color:%23ffffff\u00bb google_fonts=\u00bbfont_family:Merriweather%3A300%2C300italic%2Cregular%2Citalic%2C700%2C700italic%2C900%2C900italic|font_style:400%20regular%3A400%3Anormal\u00bb css=\u00bb.vc_custom_1707661131653{padding-left: 10% !important;}\u00bb][\/vc_column][vc_column width=\u00bb1\/2&#8243;][\/vc_column][\/vc_row][vc_row full_width=\u00bbstretch_row_content_no_spaces\u00bb css=\u00bb.vc_custom_1707411655016{margin-top: 80px !important;margin-bottom: 90px !important;}\u00bb][vc_column offset=\u00bbvc_hidden-sm vc_hidden-xs\u00bb][vc_custom_heading text=\u00bbNuestro Caf\u00e9\u00bb font_container=\u00bbtag:h2|font_size:50|text_align:center\u00bb google_fonts=\u00bbfont_family:Merriweather%20Sans%3A300%2C300italic%2Cregular%2Citalic%2C700%2C700italic%2C800%2C800italic|font_style:700%20bold%20regular%3A700%3Anormal\u00bb][\/vc_column][\/vc_row][vc_row full_width=\u00bbstretch_row_content_no_spaces\u00bb css=\u00bb.vc_custom_1707411979207{padding-bottom: -30% !important;background-image: url(http:\/\/altitud1960.com.co\/wp-content\/uploads\/2024\/02\/Group-59-scaled.jpg?id=1527) !important;background-position: center !important;background-repeat: no-repeat !important;background-size: cover !important;}\u00bb][vc_column width=\u00bb1\/2&#8243;][vc_custom_heading text=\u00bbAltitud 1960&#8243; font_container=\u00bbtag:h2|font_size:42px|text_align:center|color:%23ffffff|line_height:62px\u00bb google_fonts=\u00bbfont_family:Merriweather%20Sans%3A300%2C300italic%2Cregular%2Citalic%2C700%2C700italic%2C800%2C800italic|font_style:700%20bold%20regular%3A700%3Anormal\u00bb css=\u00bb.vc_custom_1707414229617{margin-top: 5% !important;margin-bottom: -1% !important;}\u00bb][vc_custom_heading text=\u00bbCoffee &#038; Art\u00bb font_container=\u00bbtag:h2|font_size:32px|text_align:center|color:%23ffffff|line_height:62px\u00bb google_fonts=\u00bbfont_family:Merriweather%20Sans%3A300%2C300italic%2Cregular%2Citalic%2C700%2C700italic%2C800%2C800italic|font_style:400%20regular%3A400%3Anormal\u00bb css=\u00bb.vc_custom_1707414251352{margin-bottom: 2% !important;}\u00bb][vc_custom_heading text=\u00bbA trav\u00e9s de la combinaci\u00f3n de los mejores recursos de la naturaleza, el talento del caficultor y sus manos, Altitud 1960 es una expresi\u00f3n de arte que da como resultado granos de caf\u00e9 llenos de fragancias, sabores y aromas que lo transportar\u00e1n a las monta\u00f1as colombianas. Esta experiencia sensorial se hace posible gracias a la habilidad de un tostador muy profesional que tuesta cada bolsa y transforma este caf\u00e9 en una deliciosa experiencia desde la finca hasta su taza.\u00bb font_container=\u00bbtag:p|font_size:24px|text_align:justify|color:%23ffffff|line_height:42px\u00bb google_fonts=\u00bbfont_family:Merriweather%20Sans%3A300%2C300italic%2Cregular%2Citalic%2C700%2C700italic%2C800%2C800italic|font_style:400%20regular%3A400%3Anormal\u00bb css=\u00bb.vc_custom_1707661180064{padding-right: 2% !important;padding-left: 10% !important;}\u00bb][\/vc_column][vc_column width=\u00bb1\/2&#8243;][vc_single_image image=\u00bb1622&#8243; img_size=\u00bb470&#215;588&#8243; alignment=\u00bbcenter\u00bb css=\u00bb.vc_custom_1707413830535{margin-top: -2% !important;}\u00bb][\/vc_column][\/vc_row][vc_row full_width=\u00bbstretch_row_content_no_spaces\u00bb css=\u00bb.vc_custom_1707413319731{margin-top: 3% !important;margin-bottom: 0px !important;background-image: url(http:\/\/altitud1960.com.co\/wp-content\/uploads\/2024\/02\/Group-59-scaled.jpg?id=1527) !important;background-position: center !important;background-repeat: no-repeat !important;background-size: cover !important;}\u00bb][vc_column width=\u00bb1\/2&#8243;][vc_single_image image=\u00bb1617&#8243; img_size=\u00bb470&#215;588&#8243; alignment=\u00bbcenter\u00bb css=\u00bb.vc_custom_1707414546907{padding-top: 5% !important;}\u00bb][\/vc_column][vc_column width=\u00bb1\/2&#8243;][vc_custom_heading text=\u00bbObra de arte\u00bb font_container=\u00bbtag:h2|font_size:42px|text_align:center|color:%23ffffff|line_height:62px\u00bb google_fonts=\u00bbfont_family:Merriweather%20Sans%3A300%2C300italic%2Cregular%2Citalic%2C700%2C700italic%2C800%2C800italic|font_style:700%20bold%20regular%3A700%3Anormal\u00bb css=\u00bb.vc_custom_1707661206496{margin-bottom: 10% !important;}\u00bb][vc_custom_heading text=\u00bbLa obra de arte del empaque sigue a un talentoso artista colombiano de 26 a\u00f1os de Barranquilla, es una ilustraci\u00f3n perfecta del arte contempor\u00e1neo del infinito. Sus obras de arte y esculturas, as\u00ed como otras obras de arte, muestran el lazo irrompible que une a todos en el mundo. Por tanto, como ilustra sus cuadros, todos estamos conectados, independientemente de d\u00f3nde nos encontremos.\u00bb font_container=\u00bbtag:p|font_size:24px|text_align:justify|color:%23ffffff|line_height:42px\u00bb google_fonts=\u00bbfont_family:Merriweather%20Sans%3A300%2C300italic%2Cregular%2Citalic%2C700%2C700italic%2C800%2C800italic|font_style:400%20regular%3A400%3Anormal\u00bb css=\u00bb.vc_custom_1707661269988{margin-top: 20px !important;padding-right: 10% !important;padding-left: 10% !important;}\u00bb][vc_single_image image=\u00bb1618&#8243; img_size=\u00bb93&#215;99&#8243; alignment=\u00bbcenter\u00bb][vc_custom_heading text=\u00bbAndres Ribon\u00bb font_container=\u00bbtag:p|font_size:18px|text_align:center|color:%23ffffff|line_height:42px\u00bb google_fonts=\u00bbfont_family:Merriweather%20Sans%3A300%2C300italic%2Cregular%2Citalic%2C700%2C700italic%2C800%2C800italic|font_style:300%20light%20regular%3A300%3Anormal\u00bb css=\u00bb.vc_custom_1707413056419{margin-top: 20px !important;padding-right: 10% !important;padding-left: 10% !important;}\u00bb][\/vc_column][\/vc_row][vc_row][vc_column][\/vc_column][\/vc_row][vc_row full_width=\u00bbstretch_row_content_no_spaces\u00bb css=\u00bb.vc_custom_1671226437003{margin-top: 20px !important;}\u00bb][vc_column offset=\u00bbvc_hidden-lg vc_hidden-md\u00bb][vc_custom_heading text=\u00bbNuestras fincas\u00bb font_container=\u00bbtag:h2|font_size:40|text_align:center\u00bb google_fonts=\u00bbfont_family:Merriweather%20Sans%3A300%2C300italic%2Cregular%2Citalic%2C700%2C700italic%2C800%2C800italic|font_style:700%20bold%20regular%3A700%3Anormal\u00bb][vc_row_inner][vc_column_inner][vc_video link=\u00bbhttps:\/\/youtu.be\/w2DTMb8EoS0&#8243; align=\u00bbcenter\u00bb][\/vc_column_inner][\/vc_row_inner][\/vc_column][\/vc_row][vc_row][vc_column offset=\u00bbvc_hidden-sm vc_hidden-xs\u00bb][vc_custom_heading text=\u00bbNuestras Fincas\u00bb font_container=\u00bbtag:h2|font_size:50|text_align:center\u00bb google_fonts=\u00bbfont_family:Merriweather%20Sans%3A300%2C300italic%2Cregular%2Citalic%2C700%2C700italic%2C800%2C800italic|font_style:700%20bold%20regular%3A700%3Anormal\u00bb][\/vc_column][\/vc_row][vc_row full_width=\u00bbstretch_row_content\u00bb][vc_column offset=\u00bbvc_hidden-sm vc_hidden-xs\u00bb][vc_video link=\u00bbhttps:\/\/youtu.be\/w2DTMb8EoS0&#8243; el_width=\u00bb80&#8243; align=\u00bbcenter\u00bb][\/vc_column][\/vc_row][vc_row full_width=\u00bbstretch_row_content_no_spaces\u00bb css=\u00bb.vc_custom_1707343570737{margin-top: 1% !important;background-image: url(http:\/\/altitud1960.com.co\/wp-content\/uploads\/2024\/02\/granos-cafe-puntales-hacer-cafe-1-scaled.jpg?id=1545) !important;}\u00bb][vc_column width=\u00bb1\/2&#8243;][\/vc_column][vc_column width=\u00bb1\/2&#8243;][vc_custom_heading text=\u00bb\u00bfTienes alguna preguntas sobre nuestros productos?\u00bb font_container=\u00bbtag:h2|font_size:36px|text_align:left|color:%23ffffff|line_height:58px\u00bb google_fonts=\u00bbfont_family:Merriweather%20Sans%3A300%2C300italic%2Cregular%2Citalic%2C700%2C700italic%2C800%2C800italic|font_style:700%20bold%20regular%3A700%3Anormal\u00bb css=\u00bb.vc_custom_1707661344156{margin-top: 0% !important;margin-right: 10% !important;margin-bottom: 2% !important;margin-left: 20% !important;}\u00bb][vc_column_text css=\u00bb.vc_custom_1707663561808{margin-top: 2% !important;margin-left: 20% !important;padding-right: 10% !important;}\u00bb]<div class=\"wpforms-container wpforms-container-full wpforms-render-modern\" id=\"wpforms-1726\"><form id=\"wpforms-form-1726\" class=\"wpforms-validate wpforms-form wpforms-ajax-form\" data-formid=\"1726\" method=\"post\" enctype=\"multipart\/form-data\" action=\"\/es\/wp-json\/wp\/v2\/pages\/1704\" data-token=\"b2aa94b0283712a9c90c4cc18d0f1719\"><noscript class=\"wpforms-error-noscript\">Por favor, activa JavaScript en tu navegador para completar este formulario.<\/noscript><div class=\"wpforms-hidden\" id=\"wpforms-error-noscript\">Por favor, activa JavaScript en tu navegador para completar este formulario.<\/div><div class=\"wpforms-field-container\"><div id=\"wpforms-1726-field_6-container\" class=\"wpforms-field wpforms-field-name lo encontre\" data-field-id=\"6\"><input type=\"text\" id=\"wpforms-1726-field_6\" class=\"wpforms-field-medium wpforms-field-required\" name=\"wpforms[fields][6]\" placeholder=\"Nombre\" aria-errormessage=\"wpforms-1726-field_6-error\" required><\/div><div id=\"wpforms-1726-field_1-container\" class=\"wpforms-field wpforms-field-text\" data-field-id=\"1\"><input type=\"text\" id=\"wpforms-1726-field_1\" class=\"wpforms-field-medium\" name=\"wpforms[fields][1]\" placeholder=\"Asunto\" aria-errormessage=\"wpforms-1726-field_1-error\" ><\/div><div id=\"wpforms-1726-field_5-container\" class=\"wpforms-field wpforms-field-email\" data-field-id=\"5\"><input type=\"email\" id=\"wpforms-1726-field_5\" class=\"wpforms-field-medium wpforms-field-required\" name=\"wpforms[fields][5]\" placeholder=\"Correo\" spellcheck=\"false\" aria-errormessage=\"wpforms-1726-field_5-error\" required><\/div><div id=\"wpforms-1726-field_7-container\" class=\"wpforms-field wpforms-field-textarea\" data-field-id=\"7\"><textarea id=\"wpforms-1726-field_7\" class=\"wpforms-field-medium\" name=\"wpforms[fields][7]\" placeholder=\"Mensaje\" aria-errormessage=\"wpforms-1726-field_7-error\" ><\/textarea><\/div><\/div><!-- .wpforms-field-container --><div class=\"wpforms-submit-container\" ><input type=\"hidden\" name=\"wpforms[id]\" value=\"1726\"><input type=\"hidden\" name=\"wpforms[author]\" value=\"1\"><button type=\"submit\" name=\"wpforms[submit]\" id=\"wpforms-submit-1726\" class=\"wpforms-submit\" data-alt-text=\"Enviando...\" data-submit-text=\"Enviar\" aria-live=\"assertive\" value=\"wpforms-submit\">Enviar<\/button><img loading=\"lazy\" decoding=\"async\" src=\"https:\/\/altitud1960.com.co\/wp-content\/plugins\/wpforms-lite\/assets\/images\/submit-spin.svg\" class=\"wpforms-submit-spinner\" style=\"display: none;\" width=\"26\" height=\"26\" alt=\"Cargando\"><\/div><\/form><\/div>  <!-- .wpforms-container -->[\/vc_column_text][\/vc_column][\/vc_row]<\/p>\n<\/div>","protected":false},"excerpt":{"rendered":"<p>[vc_row css=\u00bb.vc_custom_1671225253578{margin-top: -30px !important;}\u00bb][vc_column offset=\u00bbvc_hidden-lg vc_hidden-md\u00bb][vc_custom_heading text=\u00bbOur Coffee\u00bb font_container=\u00bbtag:h2|font_size:36|text_align:center\u00bb google_fonts=\u00bbfont_family:Merriweather%20Sans%3A300%2C300italic%2Cregular%2Citalic%2C700%2C700italic%2C800%2C800italic|font_style:700%20bold%20regular%3A700%3Anormal\u00bb css=\u00bb.vc_custom_1671225183327{margin-top: -50px !important;}\u00bb][\/vc_column][\/vc_row][vc_row full_width=\u00bbstretch_row_content_no_spaces\u00bb css=\u00bb.vc_custom_1707411521326{padding-top: 10% !important;padding-bottom: 10% !important;background-image: url(http:\/\/altitud1960.com.co\/wp-content\/uploads\/2024\/02\/image-266-1.jpg?id=1613) !important;}\u00bb][vc_column width=\u00bb1\/2&#8243;][vc_custom_heading text=\u00bbNuestro Caf\u00e9 y Arte\u00bb font_container=\u00bbtag:h2|font_size:72|text_align:center|color:%23ffffff\u00bb google_fonts=\u00bbfont_family:Merriweather%3A300%2C300italic%2Cregular%2Citalic%2C700%2C700italic%2C900%2C900italic|font_style:400%20regular%3A400%3Anormal\u00bb css=\u00bb.vc_custom_1707661131653{padding-left: 10% !important;}\u00bb][\/vc_column][vc_column width=\u00bb1\/2&#8243;][\/vc_column][\/vc_row][vc_row full_width=\u00bbstretch_row_content_no_spaces\u00bb css=\u00bb.vc_custom_1707411655016{margin-top: 80px !important;margin-bottom: 90px !important;}\u00bb][vc_column offset=\u00bbvc_hidden-sm vc_hidden-xs\u00bb][vc_custom_heading text=\u00bbNuestro Caf\u00e9\u00bb font_container=\u00bbtag:h2|font_size:50|text_align:center\u00bb google_fonts=\u00bbfont_family:Merriweather%20Sans%3A300%2C300italic%2Cregular%2Citalic%2C700%2C700italic%2C800%2C800italic|font_style:700%20bold%20regular%3A700%3Anormal\u00bb][\/vc_column][\/vc_row][vc_row full_width=\u00bbstretch_row_content_no_spaces\u00bb css=\u00bb.vc_custom_1707411979207{padding-bottom: -30% !important;background-image: url(http:\/\/altitud1960.com.co\/wp-content\/uploads\/2024\/02\/Group-59-scaled.jpg?id=1527) !important;background-position: center !important;background-repeat: no-repeat !important;background-size: cover [&hellip;]<\/p>\n","protected":false},"author":1,"featured_media":0,"parent":0,"menu_order":0,"comment_status":"closed","ping_status":"closed","template":"","meta":{"site-sidebar-layout":"no-sidebar","site-content-layout":"plain-container","ast-site-content-layout":"default","site-content-style":"default","site-sidebar-style":"default","ast-global-header-display":"","ast-banner-title-visibility":"","ast-main-header-display":"","ast-hfb-above-header-display":"","ast-hfb-below-header-display":"","ast-hfb-mobile-header-display":"","site-post-title":"disabled","ast-breadcrumbs-content":"","ast-featured-img":"disabled","footer-sml-layout":"","theme-transparent-header-meta":"default","adv-header-id-meta":"","stick-header-meta":"","header-above-stick-meta":"","header-main-stick-meta":"","header-below-stick-meta":"","astra-migrate-meta-layouts":"set","ast-page-background-enabled":"default","ast-page-background-meta":{"desktop":{"background-color":"var(--ast-global-color-4)","background-image":"","background-repeat":"repeat","background-position":"center center","background-size":"auto","background-attachment":"scroll","background-type":"","background-media":"","overlay-type":"","overlay-color":"","overlay-opacity":"","overlay-gradient":""},"tablet":{"background-color":"","background-image":"","background-repeat":"repeat","background-position":"center center","background-size":"auto","background-attachment":"scroll","background-type":"","background-media":"","overlay-type":"","overlay-color":"","overlay-opacity":"","overlay-gradient":""},"mobile":{"background-color":"","background-image":"","background-repeat":"repeat","background-position":"center center","background-size":"auto","background-attachment":"scroll","background-type":"","background-media":"","overlay-type":"","overlay-color":"","overlay-opacity":"","overlay-gradient":""}},"ast-content-background-meta":{"desktop":{"background-color":"var(--ast-global-color-5)","background-image":"","background-repeat":"repeat","background-position":"center center","background-size":"auto","background-attachment":"scroll","background-type":"","background-media":"","overlay-type":"","overlay-color":"","overlay-opacity":"","overlay-gradient":""},"tablet":{"background-color":"var(--ast-global-color-5)","background-image":"","background-repeat":"repeat","background-position":"center center","background-size":"auto","background-attachment":"scroll","background-type":"","background-media":"","overlay-type":"","overlay-color":"","overlay-opacity":"","overlay-gradient":""},"mobile":{"background-color":"var(--ast-global-color-5)","background-image":"","background-repeat":"repeat","background-position":"center center","background-size":"auto","background-attachment":"scroll","background-type":"","background-media":"","overlay-type":"","overlay-color":"","overlay-opacity":"","overlay-gradient":""}},"footnotes":""},"class_list":["post-1704","page","type-page","status-publish","hentry"],"_links":{"self":[{"href":"https:\/\/altitud1960.com.co\/es\/wp-json\/wp\/v2\/pages\/1704","targetHints":{"allow":["GET"]}}],"collection":[{"href":"https:\/\/altitud1960.com.co\/es\/wp-json\/wp\/v2\/pages"}],"about":[{"href":"https:\/\/altitud1960.com.co\/es\/wp-json\/wp\/v2\/types\/page"}],"author":[{"embeddable":true,"href":"https:\/\/altitud1960.com.co\/es\/wp-json\/wp\/v2\/users\/1"}],"replies":[{"embeddable":true,"href":"https:\/\/altitud1960.com.co\/es\/wp-json\/wp\/v2\/comments?post=1704"}],"version-history":[{"count":5,"href":"https:\/\/altitud1960.com.co\/es\/wp-json\/wp\/v2\/pages\/1704\/revisions"}],"predecessor-version":[{"id":1731,"href":"https:\/\/altitud1960.com.co\/es\/wp-json\/wp\/v2\/pages\/1704\/revisions\/1731"}],"wp:attachment":[{"href":"https:\/\/altitud1960.com.co\/es\/wp-json\/wp\/v2\/media?parent=1704"}],"curies":[{"name":"wp","href":"https:\/\/api.w.org\/{rel}","templated":true}]}}