{"id":1397,"date":"2022-12-07T13:54:26","date_gmt":"2023-01-20T19:32:21","guid":{"rendered":"https:\/\/altitud1960.com.co\/product\/colombia-castillo-tolima\/"},"modified":"2023-01-23T23:42:13","modified_gmt":"2023-01-23T23:42:13","slug":"colombia-castillo-tolima","status":"publish","type":"product","link":"https:\/\/altitud1960.com.co\/es\/producto\/colombia-castillo-tolima\/","title":{"rendered":"Colombia Castillo Tolima"},"content":{"rendered":"<p><span style=\"font-weight: 400;\"><strong>Tostado:<\/strong> Medio<\/span><\/p>\n<p><span style=\"font-weight: 400;\"><strong>Acidez:<\/strong> Baja<\/span><\/p>\n<p><span style=\"font-weight: 400;\"><strong>Origen:<\/strong> Tolima <\/span><\/p>\n<p><span style=\"font-weight: 400;\">Altitud 1700 msnm<\/span><\/p>\n<p><span style=\"font-weight: 400;\">Es nuestro caf\u00e9 colombiano tradicional Tambi\u00e9n tiene las caracter\u00edsticas principales de un caf\u00e9 de alta monta\u00f1a del Tolima, donde sus notas afrutadas y su acidez c\u00edtrica lo convierten en un caf\u00e9 ar\u00e1bica colombiano tradicional.<\/span><\/p>\n","protected":false},"excerpt":{"rendered":"<h2 id=\"identified\">Proceso : Lavado por choque t\u00e9rmico (anaer\u00f3bico 336 Hrs)<\/h2>\n<h2><img loading=\"lazy\" decoding=\"async\" class=\"alignleft wp-image-1458 size-full\" src=\"http:\/\/altitud1960.com.co\/wp-content\/uploads\/2022\/12\/Component-106-3.png\" alt=\"\" width=\"502\" height=\"133\" srcset=\"https:\/\/altitud1960.com.co\/wp-content\/uploads\/2022\/12\/Component-106-3.png 502w, https:\/\/altitud1960.com.co\/wp-content\/uploads\/2022\/12\/Component-106-3-300x79.png 300w\" sizes=\"auto, (max-width: 502px) 100vw, 502px\" \/><\/h2>\n<h2><\/h2>\n<h2><\/h2>\n<h2 id=\"identified\">Notas de cata<\/h2>\n<p><img loading=\"lazy\" decoding=\"async\" class=\"alignleft wp-image-1460 size-full\" src=\"http:\/\/altitud1960.com.co\/wp-content\/uploads\/2022\/12\/Component-109.png\" alt=\"\" width=\"424\" height=\"168\" srcset=\"https:\/\/altitud1960.com.co\/wp-content\/uploads\/2022\/12\/Component-109.png 424w, https:\/\/altitud1960.com.co\/wp-content\/uploads\/2022\/12\/Component-109-300x119.png 300w\" sizes=\"auto, (max-width: 424px) 100vw, 424px\" \/><\/p>\n","protected":false},"featured_media":1398,"comment_status":"open","ping_status":"closed","template":"","meta":{"site-sidebar-layout":"default","site-content-layout":"default","ast-site-content-layout":"default","site-content-style":"default","site-sidebar-style":"default","ast-global-header-display":"","ast-banner-title-visibility":"","ast-main-header-display":"","ast-hfb-above-header-display":"","ast-hfb-below-header-display":"","ast-hfb-mobile-header-display":"","site-post-title":"","ast-breadcrumbs-content":"","ast-featured-img":"","footer-sml-layout":"","theme-transparent-header-meta":"default","adv-header-id-meta":"","stick-header-meta":"","header-above-stick-meta":"","header-main-stick-meta":"","header-below-stick-meta":"","astra-migrate-meta-layouts":"default","ast-page-background-enabled":"default","ast-page-background-meta":{"desktop":{"background-color":"var(--ast-global-color-4)","background-image":"","background-repeat":"repeat","background-position":"center center","background-size":"auto","background-attachment":"scroll","background-type":"","background-media":"","overlay-type":"","overlay-color":"","overlay-opacity":"","overlay-gradient":""},"tablet":{"background-color":"","background-image":"","background-repeat":"repeat","background-position":"center center","background-size":"auto","background-attachment":"scroll","background-type":"","background-media":"","overlay-type":"","overlay-color":"","overlay-opacity":"","overlay-gradient":""},"mobile":{"background-color":"","background-image":"","background-repeat":"repeat","background-position":"center center","background-size":"auto","background-attachment":"scroll","background-type":"","background-media":"","overlay-type":"","overlay-color":"","overlay-opacity":"","overlay-gradient":""}},"ast-content-background-meta":{"desktop":{"background-color":"var(--ast-global-color-5)","background-image":"","background-repeat":"repeat","background-position":"center center","background-size":"auto","background-attachment":"scroll","background-type":"","background-media":"","overlay-type":"","overlay-color":"","overlay-opacity":"","overlay-gradient":""},"tablet":{"background-color":"var(--ast-global-color-5)","background-image":"","background-repeat":"repeat","background-position":"center center","background-size":"auto","background-attachment":"scroll","background-type":"","background-media":"","overlay-type":"","overlay-color":"","overlay-opacity":"","overlay-gradient":""},"mobile":{"background-color":"var(--ast-global-color-5)","background-image":"","background-repeat":"repeat","background-position":"center center","background-size":"auto","background-attachment":"scroll","background-type":"","background-media":"","overlay-type":"","overlay-color":"","overlay-opacity":"","overlay-gradient":""}}},"product_cat":[31],"product_tag":[],"class_list":{"0":"post-1397","1":"product","2":"type-product","3":"status-publish","4":"has-post-thumbnail","6":"product_cat-cafe","7":"desktop-align-left","8":"tablet-align-left","9":"mobile-align-left","11":"first","12":"instock","13":"shipping-taxable","14":"purchasable","15":"product-type-simple"},"_links":{"self":[{"href":"https:\/\/altitud1960.com.co\/es\/wp-json\/wp\/v2\/product\/1397","targetHints":{"allow":["GET"]}}],"collection":[{"href":"https:\/\/altitud1960.com.co\/es\/wp-json\/wp\/v2\/product"}],"about":[{"href":"https:\/\/altitud1960.com.co\/es\/wp-json\/wp\/v2\/types\/product"}],"replies":[{"embeddable":true,"href":"https:\/\/altitud1960.com.co\/es\/wp-json\/wp\/v2\/comments?post=1397"}],"wp:featuredmedia":[{"embeddable":true,"href":"https:\/\/altitud1960.com.co\/es\/wp-json\/wp\/v2\/media\/1398"}],"wp:attachment":[{"href":"https:\/\/altitud1960.com.co\/es\/wp-json\/wp\/v2\/media?parent=1397"}],"wp:term":[{"taxonomy":"product_cat","embeddable":true,"href":"https:\/\/altitud1960.com.co\/es\/wp-json\/wp\/v2\/product_cat?post=1397"},{"taxonomy":"product_tag","embeddable":true,"href":"https:\/\/altitud1960.com.co\/es\/wp-json\/wp\/v2\/product_tag?post=1397"}],"curies":[{"name":"wp","href":"https:\/\/api.w.org\/{rel}","templated":true}]}}